{"id":13,"date":"2025-08-27T20:59:33","date_gmt":"2025-08-27T18:59:33","guid":{"rendered":"https:\/\/www.ergotherapie-silvana-weibring.de\/wordpress\/?page_id=13"},"modified":"2025-10-07T19:49:28","modified_gmt":"2025-10-07T17:49:28","slug":"impressum","status":"publish","type":"page","link":"https:\/\/www.ergotherapie-silvana-weibring.de\/wordpress\/impressum\/","title":{"rendered":"Impressum"},"content":{"rendered":"\n<p><strong>Anbieter:<\/strong><br>Silvana Weibring &#8211; staatlich anerkannte Ergotherapeutin<\/p>\n\n\n\n<p>Bringstegge 11 &#8211; 46395 Bocholt<\/p>\n\n\n\n<p><a href=\"https:\/\/www.dve.info\/verband\" target=\"_blank\" rel=\"noreferrer noopener\">Deutscher Verband Ergotherapie e.V. | DVE<\/a><\/p>\n\n\n\n<p>Der DVE hat mit \u00fcber 14.000 Mitgliedern eine starke Stimme, wenn es darum geht, die Interessen und Bed\u00fcrfnisse der Ergotherapeut:innen zu vertreten. Die politische Einflussnahme des DVE st\u00e4rkt die Anerkennung und Bedeutung des Berufsstands und sichert die Zukunft und Existenzgrundlage der Ergotherapie<\/p>\n\n\n\n<figure class=\"wp-block-image size-large is-resized\"><img loading=\"lazy\" decoding=\"async\" width=\"1024\" height=\"326\" src=\"https:\/\/www.ergotherapie-silvana-weibring.de\/wordpress\/wp-content\/uploads\/2025\/08\/DVE_Verband_1100x350-1024x326.jpg\" alt=\"\" class=\"wp-image-82\" style=\"width:245px;height:auto\" srcset=\"https:\/\/www.ergotherapie-silvana-weibring.de\/wordpress\/wp-content\/uploads\/2025\/08\/DVE_Verband_1100x350-1024x326.jpg 1024w, https:\/\/www.ergotherapie-silvana-weibring.de\/wordpress\/wp-content\/uploads\/2025\/08\/DVE_Verband_1100x350-300x95.jpg 300w, https:\/\/www.ergotherapie-silvana-weibring.de\/wordpress\/wp-content\/uploads\/2025\/08\/DVE_Verband_1100x350-768x244.jpg 768w, https:\/\/www.ergotherapie-silvana-weibring.de\/wordpress\/wp-content\/uploads\/2025\/08\/DVE_Verband_1100x350.jpg 1100w\" sizes=\"auto, (max-width: 1024px) 100vw, 1024px\" \/><\/figure>\n\n\n\n<p><\/p>\n\n\n\n<p>Berufshaftpflicht wurde abgeschlossen bei:<\/p>\n\n\n\n<p>Allianz Versicherungen<\/p>\n\n\n\n<p>Osterstra\u00dfe 50-52<\/p>\n\n\n\n<p>46397 Bocholt<\/p>\n\n\n\n<p><\/p>\n\n\n\n<p><strong>Kontakt:<\/strong><br><br>E-Mail: <a href=\"mailto:info@ergotherapie-silvana-weibring.de\">info@ergotherapie-weibring.de<\/a><br>Website: <a href=\"http:\/\/www.ergotherapie-silvana-weibring.de\" data-type=\"link\" data-id=\"http:\/\/www.ergotherapie-silvana-weibring.de\">www.ergotherapie-weibring.de<\/a><\/p>\n\n\n\n<p><\/p>\n","protected":false},"excerpt":{"rendered":"<p>Anbieter:Silvana Weibring &#8211; staatlich anerkannte Ergotherapeutin Bringstegge 11 &#8211; 46395 Bocholt Deutscher Verband Ergotherapie e.V. | DVE Der DVE hat mit \u00fcber 14.000 Mitgliedern eine starke Stimme, wenn es darum geht, die Interessen und Bed\u00fcrfnisse der Ergotherapeut:innen zu vertreten. Die politische Einflussnahme des DVE st\u00e4rkt die Anerkennung und Bedeutung des Berufsstands und sichert die Zukunft &#8230; <a title=\"Impressum\" class=\"read-more\" href=\"https:\/\/www.ergotherapie-silvana-weibring.de\/wordpress\/impressum\/\" aria-label=\"Mehr Informationen \u00fcber Impressum\">Weiterlesen<\/a><\/p>\n","protected":false},"author":1,"featured_media":0,"parent":0,"menu_order":6,"comment_status":"closed","ping_status":"closed","template":"","meta":{"footnotes":""},"class_list":["post-13","page","type-page","status-publish"],"_links":{"self":[{"href":"https:\/\/www.ergotherapie-silvana-weibring.de\/wordpress\/wp-json\/wp\/v2\/pages\/13","targetHints":{"allow":["GET"]}}],"collection":[{"href":"https:\/\/www.ergotherapie-silvana-weibring.de\/wordpress\/wp-json\/wp\/v2\/pages"}],"about":[{"href":"https:\/\/www.ergotherapie-silvana-weibring.de\/wordpress\/wp-json\/wp\/v2\/types\/page"}],"author":[{"embeddable":true,"href":"https:\/\/www.ergotherapie-silvana-weibring.de\/wordpress\/wp-json\/wp\/v2\/users\/1"}],"replies":[{"embeddable":true,"href":"https:\/\/www.ergotherapie-silvana-weibring.de\/wordpress\/wp-json\/wp\/v2\/comments?post=13"}],"version-history":[{"count":9,"href":"https:\/\/www.ergotherapie-silvana-weibring.de\/wordpress\/wp-json\/wp\/v2\/pages\/13\/revisions"}],"predecessor-version":[{"id":145,"href":"https:\/\/www.ergotherapie-silvana-weibring.de\/wordpress\/wp-json\/wp\/v2\/pages\/13\/revisions\/145"}],"wp:attachment":[{"href":"https:\/\/www.ergotherapie-silvana-weibring.de\/wordpress\/wp-json\/wp\/v2\/media?parent=13"}],"curies":[{"name":"wp","href":"https:\/\/api.w.org\/{rel}","templated":true}]}}