{"id":132,"date":"2025-08-28T17:52:20","date_gmt":"2025-08-28T15:52:20","guid":{"rendered":"https:\/\/www.ergotherapie-silvana-weibring.de\/wordpress\/?page_id=132"},"modified":"2025-11-02T10:35:49","modified_gmt":"2025-11-02T09:35:49","slug":"ihr-weg-zur-therapie","status":"publish","type":"page","link":"https:\/\/www.ergotherapie-silvana-weibring.de\/wordpress\/ihr-weg-zur-therapie\/","title":{"rendered":"Ihr Weg zur Therapie"},"content":{"rendered":"\n<p><\/p>\n\n\n\n<p><em>Ergotherapie &nbsp;geh\u00f6rt zu den nicht\u00e4rztlichen Heilberufen.<\/em><\/p>\n\n\n\n<p>Als medizinisches Heilmittel wird Ergotherapie bei gesundheitlichen Einschr\u00e4nkungen von einem Arzt per Rezept verordnet und wird daher von der Krankenkasse bezahlt. &nbsp;&nbsp;<\/p>\n\n\n\n<p>Sprechen Sie mit Ihrem behandelnden Haus- oder Facharzt, ob f\u00fcr Sie eine ergotherapeutische Behandlung in Frage kommt.&nbsp;Zur Kosten\u00fcbernahme der Ergotherapie durch Ihre gesetzliche Krankenkasse oder private Krankenversicherung ben\u00f6tigen Sie ein \u00e4rztliches Rezept.<\/p>\n\n\n\n<p><em>&gt;&gt; Psychotherapeuten k\u00f6nnen ab Januar 2021 Ergotherapie verordnen &lt;&lt;<\/em><\/p>\n\n\n\n<p>seit 1. Januar 2021 k\u00f6nnen Psychologische Psychotherapeuten sowie Kinder- und Jugendpsychotherapeuten Ergotherapie verordnen!<\/p>\n\n\n\n<p>Eine Checkliste f\u00fcr Ihren ersten Besuch k\u00f6nnen Sie <a href=\"https:\/\/www.ergotherapie-silvana-weibring.de\/wordpress\/wp-content\/uploads\/2025\/11\/Checkliste-fuer-Ihren-ersten-Termin-bei-mir-PDF-.pdf\" data-type=\"attachment\" data-id=\"152\">hier<\/a> downloaden!<\/p>\n\n\n\n<p><\/p>\n\n\n\n<p><\/p>\n","protected":false},"excerpt":{"rendered":"<p>Ergotherapie &nbsp;geh\u00f6rt zu den nicht\u00e4rztlichen Heilberufen. Als medizinisches Heilmittel wird Ergotherapie bei gesundheitlichen Einschr\u00e4nkungen von einem Arzt per Rezept verordnet und wird daher von der Krankenkasse bezahlt. &nbsp;&nbsp; Sprechen Sie mit Ihrem behandelnden Haus- oder Facharzt, ob f\u00fcr Sie eine ergotherapeutische Behandlung in Frage kommt.&nbsp;Zur Kosten\u00fcbernahme der Ergotherapie durch Ihre gesetzliche Krankenkasse oder private Krankenversicherung &#8230; <a title=\"Ihr Weg zur Therapie\" class=\"read-more\" href=\"https:\/\/www.ergotherapie-silvana-weibring.de\/wordpress\/ihr-weg-zur-therapie\/\" aria-label=\"Mehr Informationen \u00fcber Ihr Weg zur Therapie\">Weiterlesen<\/a><\/p>\n","protected":false},"author":1,"featured_media":0,"parent":0,"menu_order":0,"comment_status":"closed","ping_status":"closed","template":"","meta":{"footnotes":""},"class_list":["post-132","page","type-page","status-publish"],"_links":{"self":[{"href":"https:\/\/www.ergotherapie-silvana-weibring.de\/wordpress\/wp-json\/wp\/v2\/pages\/132","targetHints":{"allow":["GET"]}}],"collection":[{"href":"https:\/\/www.ergotherapie-silvana-weibring.de\/wordpress\/wp-json\/wp\/v2\/pages"}],"about":[{"href":"https:\/\/www.ergotherapie-silvana-weibring.de\/wordpress\/wp-json\/wp\/v2\/types\/page"}],"author":[{"embeddable":true,"href":"https:\/\/www.ergotherapie-silvana-weibring.de\/wordpress\/wp-json\/wp\/v2\/users\/1"}],"replies":[{"embeddable":true,"href":"https:\/\/www.ergotherapie-silvana-weibring.de\/wordpress\/wp-json\/wp\/v2\/comments?post=132"}],"version-history":[{"count":6,"href":"https:\/\/www.ergotherapie-silvana-weibring.de\/wordpress\/wp-json\/wp\/v2\/pages\/132\/revisions"}],"predecessor-version":[{"id":153,"href":"https:\/\/www.ergotherapie-silvana-weibring.de\/wordpress\/wp-json\/wp\/v2\/pages\/132\/revisions\/153"}],"wp:attachment":[{"href":"https:\/\/www.ergotherapie-silvana-weibring.de\/wordpress\/wp-json\/wp\/v2\/media?parent=132"}],"curies":[{"name":"wp","href":"https:\/\/api.w.org\/{rel}","templated":true}]}}