{"id":158,"date":"2025-11-02T10:57:55","date_gmt":"2025-11-02T09:57:55","guid":{"rendered":"https:\/\/www.ergotherapie-silvana-weibring.de\/wordpress\/?page_id=158"},"modified":"2025-11-02T10:57:56","modified_gmt":"2025-11-02T09:57:56","slug":"fragen-und-antworten","status":"publish","type":"page","link":"https:\/\/www.ergotherapie-silvana-weibring.de\/wordpress\/fragen-und-antworten\/","title":{"rendered":"Fragen und Antworten"},"content":{"rendered":"\n<p><strong>Was ist Ergotherapie?<\/strong><\/p>\n\n\n\n<p>\u00bbErgotherapie geh\u00f6rt zu den medizinischen Heilberufen. Der Begriff Ergotherapie stammt aus dem Griechischen und besagt so viel wie: Gesundung durch Handeln und Arbeiten.\u00ab<br>Je nach Krankheitsbild werden folgende Ma\u00dfnahmen, die jeweils individuell zusammengestellt und angepasst werden, durchgef\u00fchrt:<\/p>\n\n\n\n<ul class=\"wp-block-list\">\n<li>Trainieren und Anbahnen von k\u00f6rperlichen Bewegungsabl\u00e4ufen wie z.B. der Gangschulung nach Bobath, Affolter, Perfetti und \/ oder weiteren Konzepten.<\/li>\n\n\n\n<li>Trainieren von Kraft, Beweglichkeit, Ausdauer und Koordination mit Schwerpunkt Rumpf und obere Extremit\u00e4t. So werden Bewegungseinschr\u00e4nkungen richtig kompensiert oder gar g\u00e4nzlich behoben. Die Geschicklichkeit wird erh\u00f6ht und die Kraft wird wieder handlungsorientiert koordiniert.<\/li>\n\n\n\n<li>Training zur Selbsthilfe: Waschen, Anziehen, Essen, Schlucken, Trinken<\/li>\n\n\n\n<li>Trainieren des Alltags: Einkaufen, Umgang mit Geld, Telefonieren, Umgang mit anderen Kommunikationsmitteln, Orientieren im Stra\u00dfenverkehr, Zeiteinteilung, Tagesstrukturierung, Umgang mit Medikamenten, Beruf- sowie Freizeitgestaltung usw.<\/li>\n\n\n\n<li>Trainieren mit technischen Hilfsmitteln, um eingeschr\u00e4nkte k\u00f6rperliche Funktionen zu kompensieren<\/li>\n\n\n\n<li>Trainieren der Aufmerksamkeit, der Wahrnehmung, des Antriebs, der Konzentration, des Ged\u00e4chtnisses und der Ausdauer<\/li>\n\n\n\n<li>Training bei neuropsychologischen Ausf\u00e4llen bei Erkrankungen und Verletzungen des Gehirns wie z.B. einem Neglect<br>r\u00e4umlich-konstruktive St\u00f6rungen werden z.B. nach dem Konzept der sensorischen Integration nach Jean Ayres, Perfetti und weiteren Konzepten behandelt<\/li>\n\n\n\n<li>Beraten, Anleiten und Schulen der Angeh\u00f6rigen sowie des Umfeldes (wie Lehrer, Erzieher oder Pflegepersonal) im Umgang mit dem Patienten<\/li>\n\n\n\n<li>Trainieren und Verbessern von psychischen Funktionen wie z.B. Antrieb, Motivation, Belastbarkeit, Ausdauer, Flexibilit\u00e4t bei psychiatrischen und \/ oder psychosomatischen Erkrankungen<\/li>\n\n\n\n<li>Trainieren und Verbessern von Sensibilit\u00e4tsst\u00f6rungen bei Erkrankungen des peripheren Nervensystems, z.B. MS, Polyneuropathie<\/li>\n\n\n\n<li>Zum Aufgabenfeld der Ergotherapeuten geh\u00f6rt auch die Analyse der Wohnsituation und Wohnumgebung, um auch hier, durch eine entsprechende Wohnraumgestaltung, die gr\u00f6\u00dftm\u00f6gliche Eigenst\u00e4ndigkeit des Patienten zu erreichen. Dies geschieht fallweise in Absprache mit dem Pflegepersonal sowie den Physiotherapeuten oder dem Sozialarbeiter.<\/li>\n<\/ul>\n\n\n\n<p><strong>Was wird mittels Ergotherapie erreicht?<\/strong><\/p>\n\n\n\n<p>Ergotherapie bewirkt gr\u00f6\u00dftm\u00f6gliche Eigenst\u00e4ndigkeit von Erkrankten im Beruf, sozialen Umfeld, Schule und Alltag, durch Wiederherstellung, Entwicklung, Verbesserung oder Erhaltung von motorischen, nervalen, psychischen und kognitiven Funktionen und F\u00e4higkeiten.<br>Funktionen und F\u00e4higkeiten eines Menschen k\u00f6nnen z. B. durch einen Schlaganfall verloren gehen oder bei Kindern auf Grund von Entwicklungsst\u00f6rungen in nicht ausreichendem Ma\u00dfe ausgebildet sein. Die Ergotherapie hat einen ganzheitlichen Ansatz und schult so nicht nur die Motorik, sondern das ganze menschliche System aus Bewegung \u2013 Wahrnehmung \u2013 Aufmerksamkeit und Koordination.<\/p>\n\n\n\n<p>Durch diese Behandlungsform wird u. a. folgendes erreicht:<\/p>\n\n\n\n<ul class=\"wp-block-list\">\n<li>es verbessern sich k\u00f6rperliche und psychische Zust\u00e4nde<\/li>\n\n\n\n<li>der Leidensdruck wird gesenkt<\/li>\n\n\n\n<li>eine Schmerzlinderung kann erfolgen<\/li>\n\n\n\n<li>Pflegebed\u00fcrftigkeit kann hinausgez\u00f6gert werden<\/li>\n\n\n\n<li>die Lebensqualit\u00e4t kann verbessert werden<\/li>\n<\/ul>\n\n\n\n<p><strong>Bei welchen Beschwerden und Erkrankungen ist Ergotherapie anzuwenden?<\/strong><\/p>\n\n\n\n<ul class=\"wp-block-list\">\n<li>Menschen mit angeborenen k\u00f6rperlichen Sch\u00e4digungen<\/li>\n\n\n\n<li>Menschen mit angeborenen geistigen Sch\u00e4digungen<\/li>\n\n\n\n<li>Menschen mit rheumatischen Erkrankungen<\/li>\n\n\n\n<li><a href=\"https:\/\/ergotherapie-muenchen.com\/leistungen\/paediatrie\">Kinder<\/a>\u00a0mit Verhaltens- oder Entwicklungsst\u00f6rungen<\/li>\n\n\n\n<li>Personen mit massiven neurologischen St\u00f6rungen, z. B. nach einem Unfall oder neurologischen Erkrankungen<\/li>\n\n\n\n<li>Menschen mit orthop\u00e4dischen Erkrankungen und \/ oder orthop\u00e4dischem Verschlei\u00df<\/li>\n\n\n\n<li>Personen mit St\u00f6rungen der Koordination, der Aufmerksamkeit, der Reaktion, der Merkf\u00e4higkeit, des Gleichgewichts oder der Grob- bzw. Feinmotorik<\/li>\n\n\n\n<li>Menschen mit Alterserkrankungen wie Parkinson oder Alzheimer<\/li>\n\n\n\n<li>Menschen mit Multipler Sklerose<\/li>\n\n\n\n<li>Personen mit psychiatrischen und psychosomatischen Erkrankungen<\/li>\n<\/ul>\n","protected":false},"excerpt":{"rendered":"<p>Was ist Ergotherapie? \u00bbErgotherapie geh\u00f6rt zu den medizinischen Heilberufen. Der Begriff Ergotherapie stammt aus dem Griechischen und besagt so viel wie: Gesundung durch Handeln und Arbeiten.\u00abJe nach Krankheitsbild werden folgende Ma\u00dfnahmen, die jeweils individuell zusammengestellt und angepasst werden, durchgef\u00fchrt: Was wird mittels Ergotherapie erreicht? Ergotherapie bewirkt gr\u00f6\u00dftm\u00f6gliche Eigenst\u00e4ndigkeit von Erkrankten im Beruf, sozialen Umfeld, Schule &#8230; <a title=\"Fragen und Antworten\" class=\"read-more\" href=\"https:\/\/www.ergotherapie-silvana-weibring.de\/wordpress\/fragen-und-antworten\/\" aria-label=\"Mehr Informationen \u00fcber Fragen und Antworten\">Weiterlesen<\/a><\/p>\n","protected":false},"author":1,"featured_media":0,"parent":0,"menu_order":0,"comment_status":"closed","ping_status":"closed","template":"","meta":{"footnotes":""},"class_list":["post-158","page","type-page","status-publish"],"_links":{"self":[{"href":"https:\/\/www.ergotherapie-silvana-weibring.de\/wordpress\/wp-json\/wp\/v2\/pages\/158","targetHints":{"allow":["GET"]}}],"collection":[{"href":"https:\/\/www.ergotherapie-silvana-weibring.de\/wordpress\/wp-json\/wp\/v2\/pages"}],"about":[{"href":"https:\/\/www.ergotherapie-silvana-weibring.de\/wordpress\/wp-json\/wp\/v2\/types\/page"}],"author":[{"embeddable":true,"href":"https:\/\/www.ergotherapie-silvana-weibring.de\/wordpress\/wp-json\/wp\/v2\/users\/1"}],"replies":[{"embeddable":true,"href":"https:\/\/www.ergotherapie-silvana-weibring.de\/wordpress\/wp-json\/wp\/v2\/comments?post=158"}],"version-history":[{"count":1,"href":"https:\/\/www.ergotherapie-silvana-weibring.de\/wordpress\/wp-json\/wp\/v2\/pages\/158\/revisions"}],"predecessor-version":[{"id":159,"href":"https:\/\/www.ergotherapie-silvana-weibring.de\/wordpress\/wp-json\/wp\/v2\/pages\/158\/revisions\/159"}],"wp:attachment":[{"href":"https:\/\/www.ergotherapie-silvana-weibring.de\/wordpress\/wp-json\/wp\/v2\/media?parent=158"}],"curies":[{"name":"wp","href":"https:\/\/api.w.org\/{rel}","templated":true}]}}