{"id":16,"date":"2025-08-27T21:03:02","date_gmt":"2025-08-27T19:03:02","guid":{"rendered":"https:\/\/www.ergotherapie-silvana-weibring.de\/wordpress\/?page_id=16"},"modified":"2025-11-02T11:11:58","modified_gmt":"2025-11-02T10:11:58","slug":"neueroeffnung","status":"publish","type":"page","link":"https:\/\/www.ergotherapie-silvana-weibring.de\/wordpress\/","title":{"rendered":""},"content":{"rendered":"\n<p><strong>Herzlich Willkomen in meiner Ergotherapiepraxis Silvana Weibring<\/strong><\/p>\n\n\n<div class=\"wp-block-image\">\n<figure class=\"alignright size-large is-resized\"><img loading=\"lazy\" decoding=\"async\" width=\"1024\" height=\"615\" src=\"https:\/\/www.ergotherapie-silvana-weibring.de\/wordpress\/wp-content\/uploads\/2025\/08\/hand-massage-7440712_1280-1024x615.jpg\" alt=\"\" class=\"wp-image-117\" style=\"width:341px;height:auto\" srcset=\"https:\/\/www.ergotherapie-silvana-weibring.de\/wordpress\/wp-content\/uploads\/2025\/08\/hand-massage-7440712_1280-1024x615.jpg 1024w, https:\/\/www.ergotherapie-silvana-weibring.de\/wordpress\/wp-content\/uploads\/2025\/08\/hand-massage-7440712_1280-300x180.jpg 300w, https:\/\/www.ergotherapie-silvana-weibring.de\/wordpress\/wp-content\/uploads\/2025\/08\/hand-massage-7440712_1280-768x461.jpg 768w, https:\/\/www.ergotherapie-silvana-weibring.de\/wordpress\/wp-content\/uploads\/2025\/08\/hand-massage-7440712_1280.jpg 1280w\" sizes=\"auto, (max-width: 1024px) 100vw, 1024px\" \/><\/figure>\n<\/div>\n\n\n<p><strong>Potenziale entfalten &#8211; Lebensqualit\u00e4t gestalten<\/strong><\/p>\n\n\n\n<p>Ich bin Silvana Weibring, staatlich anerkannte Ergotherapeutin, und begleite Sie mit Fachkompetenz, Herz und Engagement auf Ihrem individuellen Weg zu mehr Selbstst\u00e4ndigkeit und Lebensqualit\u00e4t.<\/p>\n\n\n\n<p><strong>Ganzheitlich. Individuell. Pers\u00f6nlich.<\/strong><\/p>\n\n\n\n<p>In meiner Praxis steht der Mensch im Mittelpunkt &#8211; mit all seinen F\u00e4higkeiten, Bed\u00fcrfnissen und Lebensumst\u00e4nden. Gemeinsam entwickeln wir einen auf Sie abgestimmten Therapieplan, der Ihre pers\u00f6nlichen Ziele in den Fokus stellt und Sie Schritt f\u00fcr Schritt st\u00e4rkt. <\/p>\n\n\n\n<p>Ob in den Bereichen Neurologie, P\u00e4diatrie, Orthop\u00e4die und Psychiatrie &#8211; mein Ziel ist es, Ihre Potenziale zu entfalten und Ihnen zu mehr Lebensfreude im Alltag zu verhelfen.<\/p>\n\n\n<div class=\"wp-block-image\">\n<figure class=\"alignleft size-large is-resized\"><img loading=\"lazy\" decoding=\"async\" width=\"1024\" height=\"682\" src=\"https:\/\/www.ergotherapie-silvana-weibring.de\/wordpress\/wp-content\/uploads\/2025\/08\/write-8487618_1280-1024x682.jpg\" alt=\"\" class=\"wp-image-122\" style=\"width:246px;height:auto\" srcset=\"https:\/\/www.ergotherapie-silvana-weibring.de\/wordpress\/wp-content\/uploads\/2025\/08\/write-8487618_1280-1024x682.jpg 1024w, https:\/\/www.ergotherapie-silvana-weibring.de\/wordpress\/wp-content\/uploads\/2025\/08\/write-8487618_1280-300x200.jpg 300w, https:\/\/www.ergotherapie-silvana-weibring.de\/wordpress\/wp-content\/uploads\/2025\/08\/write-8487618_1280-768x512.jpg 768w, https:\/\/www.ergotherapie-silvana-weibring.de\/wordpress\/wp-content\/uploads\/2025\/08\/write-8487618_1280.jpg 1280w\" sizes=\"auto, (max-width: 1024px) 100vw, 1024px\" \/><\/figure>\n<\/div>\n\n\n<p>Ich nehme mir Zeit f\u00fcr Sie, h\u00f6re zu und gestalte die Therapie in einer vertrauensvollen und wertsch\u00e4tzenden Atmosph\u00e4re.<\/p>\n\n\n\n<p>\u00bbDer Weg ist das Ziel\u00ab: Getreu nach diesem Zitat erfolgt die Behandlung unserer gro\u00dfen und kleinen Patienten. Sie und Ihr Anliegen stehen im Mittelpunkt und es ist uns wichtig, Ihnen zuzuh\u00f6ren und sich Zeit f\u00fcr Ihren individuellen Behandlungsplan zu nehmen. Es gibt viele M\u00f6glichkeiten und Methoden, Ihre k\u00f6rperlichen, geistigen und psychischen F\u00e4higkeiten wieder zu st\u00e4rken. Gemeinsam mit Ihnen finden wir den passenden Weg f\u00fcr Sie.<\/p>\n\n\n\n<p class=\"has-small-font-size\"><\/p>\n\n\n\n<p><\/p>\n\n\n\n<p><strong>Kontakt &amp; Terminanfrage<\/strong><\/p>\n\n\n\n<p>Sie m\u00f6chten einen Termin vereinbaren oder haben Fragen?<\/p>\n\n\n\n<p>F\u00fcr Terminanfragen vorab bitte folgende E-Mail Adresse oder das Kontaktformular verwenden.<\/p>\n\n\n\n<p><a href=\"mailto:info@ergotherapie-weibring.de\" data-type=\"mailto\" data-id=\"mailto:info@ergotherapie-weibring.de\">\ud83d\udce7 info@ergotherapie-weibring.de<\/a><\/p>\n\n\n\n<p><\/p>\n","protected":false},"excerpt":{"rendered":"<p>Herzlich Willkomen in meiner Ergotherapiepraxis Silvana Weibring Potenziale entfalten &#8211; Lebensqualit\u00e4t gestalten Ich bin Silvana Weibring, staatlich anerkannte Ergotherapeutin, und begleite Sie mit Fachkompetenz, Herz und Engagement auf Ihrem individuellen Weg zu mehr Selbstst\u00e4ndigkeit und Lebensqualit\u00e4t. Ganzheitlich. Individuell. Pers\u00f6nlich. In meiner Praxis steht der Mensch im Mittelpunkt &#8211; mit all seinen F\u00e4higkeiten, Bed\u00fcrfnissen und Lebensumst\u00e4nden. &#8230; <a title=\"\" class=\"read-more\" href=\"https:\/\/www.ergotherapie-silvana-weibring.de\/wordpress\/\" aria-label=\"Mehr Informationen \u00fcber \">Weiterlesen<\/a><\/p>\n","protected":false},"author":1,"featured_media":0,"parent":0,"menu_order":1,"comment_status":"closed","ping_status":"closed","template":"","meta":{"footnotes":""},"class_list":["post-16","page","type-page","status-publish"],"_links":{"self":[{"href":"https:\/\/www.ergotherapie-silvana-weibring.de\/wordpress\/wp-json\/wp\/v2\/pages\/16","targetHints":{"allow":["GET"]}}],"collection":[{"href":"https:\/\/www.ergotherapie-silvana-weibring.de\/wordpress\/wp-json\/wp\/v2\/pages"}],"about":[{"href":"https:\/\/www.ergotherapie-silvana-weibring.de\/wordpress\/wp-json\/wp\/v2\/types\/page"}],"author":[{"embeddable":true,"href":"https:\/\/www.ergotherapie-silvana-weibring.de\/wordpress\/wp-json\/wp\/v2\/users\/1"}],"replies":[{"embeddable":true,"href":"https:\/\/www.ergotherapie-silvana-weibring.de\/wordpress\/wp-json\/wp\/v2\/comments?post=16"}],"version-history":[{"count":23,"href":"https:\/\/www.ergotherapie-silvana-weibring.de\/wordpress\/wp-json\/wp\/v2\/pages\/16\/revisions"}],"predecessor-version":[{"id":168,"href":"https:\/\/www.ergotherapie-silvana-weibring.de\/wordpress\/wp-json\/wp\/v2\/pages\/16\/revisions\/168"}],"wp:attachment":[{"href":"https:\/\/www.ergotherapie-silvana-weibring.de\/wordpress\/wp-json\/wp\/v2\/media?parent=16"}],"curies":[{"name":"wp","href":"https:\/\/api.w.org\/{rel}","templated":true}]}}