{"id":39,"date":"2025-08-27T21:24:26","date_gmt":"2025-08-27T19:24:26","guid":{"rendered":"https:\/\/www.ergotherapie-silvana-weibring.de\/wordpress\/?page_id=39"},"modified":"2025-11-02T10:55:21","modified_gmt":"2025-11-02T09:55:21","slug":"herzlichen-willkommen","status":"publish","type":"page","link":"https:\/\/www.ergotherapie-silvana-weibring.de\/wordpress\/herzlichen-willkommen\/","title":{"rendered":"Leistungsspektrum"},"content":{"rendered":"\n<p><strong>Herzlich willkommen in meiner Ergotherapiepraxis in Bocholt<\/strong><\/p>\n\n\n<div class=\"wp-block-image\">\n<figure class=\"alignright size-large is-resized\"><img loading=\"lazy\" decoding=\"async\" width=\"686\" height=\"1024\" src=\"https:\/\/www.ergotherapie-silvana-weibring.de\/wordpress\/wp-content\/uploads\/2025\/08\/homework-3756173_1280-686x1024.jpg\" alt=\"\" class=\"wp-image-118\" style=\"width:135px;height:auto\" srcset=\"https:\/\/www.ergotherapie-silvana-weibring.de\/wordpress\/wp-content\/uploads\/2025\/08\/homework-3756173_1280-686x1024.jpg 686w, https:\/\/www.ergotherapie-silvana-weibring.de\/wordpress\/wp-content\/uploads\/2025\/08\/homework-3756173_1280-201x300.jpg 201w, https:\/\/www.ergotherapie-silvana-weibring.de\/wordpress\/wp-content\/uploads\/2025\/08\/homework-3756173_1280-768x1147.jpg 768w, https:\/\/www.ergotherapie-silvana-weibring.de\/wordpress\/wp-content\/uploads\/2025\/08\/homework-3756173_1280.jpg 857w\" sizes=\"auto, (max-width: 686px) 100vw, 686px\" \/><\/figure>\n<\/div>\n\n\n<p>Ich freue mich, Sie in meiner Praxis begr\u00fc\u00dfen zu d\u00fcrfen. Mein ergotherapeutisches Angebot richtet sich an <strong>Menschen jeden Alters<\/strong>, die durch <strong>Krankheiten, Unf\u00e4lle, Entwicklungsst\u00f6rungen oder psychische Belastungen<\/strong> in ihrer Selbstst\u00e4ndigkeit und Handlungsf\u00e4higkeit eingeschr\u00e4nkt sind.<\/p>\n\n\n\n<p>Als <strong>selbstst\u00e4ndige Therapeutin<\/strong> biete ich Ihnen eine ganzheitliche, individuelle Behandlung \u2013 abgestimmt auf Ihre pers\u00f6nlichen Bed\u00fcrfnisse und Ziele.<\/p>\n\n\n\n<p>Ob Kind, Erwachsene<em>r oder Senior<\/em>in \u2013 ich begleite Sie mit Fachkompetenz, Erfahrung und viel pers\u00f6nlichem Engagement.<\/p>\n\n\n\n<hr class=\"wp-block-separator has-alpha-channel-opacity\"\/>\n\n\n<div class=\"wp-block-image\">\n<figure class=\"alignleft size-large is-resized\"><img loading=\"lazy\" decoding=\"async\" width=\"768\" height=\"1024\" src=\"https:\/\/www.ergotherapie-silvana-weibring.de\/wordpress\/wp-content\/uploads\/2025\/08\/chiropractic-3516426_1280-768x1024.jpg\" alt=\"\" class=\"wp-image-116\" style=\"width:206px;height:auto\" srcset=\"https:\/\/www.ergotherapie-silvana-weibring.de\/wordpress\/wp-content\/uploads\/2025\/08\/chiropractic-3516426_1280-768x1024.jpg 768w, https:\/\/www.ergotherapie-silvana-weibring.de\/wordpress\/wp-content\/uploads\/2025\/08\/chiropractic-3516426_1280-225x300.jpg 225w, https:\/\/www.ergotherapie-silvana-weibring.de\/wordpress\/wp-content\/uploads\/2025\/08\/chiropractic-3516426_1280.jpg 960w\" sizes=\"auto, (max-width: 768px) 100vw, 768px\" \/><\/figure>\n<\/div>\n\n\n<p><strong>Therapie mit Blick aufs Ganze<\/strong><\/p>\n\n\n\n<p>In meiner Praxis steht der Mensch im Mittelpunkt. Ich nehme mir Zeit f\u00fcr eine umfassende Befunderhebung, eine individuelle Zielplanung und eine pers\u00f6nliche Begleitung w\u00e4hrend der gesamten Therapie.<\/p>\n\n\n\n<p>Ein wichtiger Bestandteil meiner Arbeit ist auch die <strong>Beratung und Anleitung von Angeh\u00f6rigen<\/strong>, Eltern und Bezugspersonen. Durch gezielte Empfehlungen und Schulung im Umgang mit der jeweiligen Problematik kann die Therapie wirkungsvoll im Alltag unterst\u00fctzt werden.<\/p>\n\n\n\n<p>Bei Bedarf biete ich auch <strong>Hausbesuche<\/strong> an oder unterst\u00fctze bei der <strong>Anpassung von Wohn- und Arbeitsbereichen<\/strong> (z.\u202fB. durch Ergonomieberatung).<\/p>\n\n\n\n<hr class=\"wp-block-separator has-alpha-channel-opacity\"\/>\n\n\n<div class=\"wp-block-image\">\n<figure class=\"alignright size-large is-resized\"><img loading=\"lazy\" decoding=\"async\" width=\"680\" height=\"1024\" src=\"https:\/\/www.ergotherapie-silvana-weibring.de\/wordpress\/wp-content\/uploads\/2025\/08\/physiotherapy-1698817_1280-680x1024.jpg\" alt=\"\" class=\"wp-image-120\" style=\"width:116px;height:auto\" srcset=\"https:\/\/www.ergotherapie-silvana-weibring.de\/wordpress\/wp-content\/uploads\/2025\/08\/physiotherapy-1698817_1280-680x1024.jpg 680w, https:\/\/www.ergotherapie-silvana-weibring.de\/wordpress\/wp-content\/uploads\/2025\/08\/physiotherapy-1698817_1280-199x300.jpg 199w, https:\/\/www.ergotherapie-silvana-weibring.de\/wordpress\/wp-content\/uploads\/2025\/08\/physiotherapy-1698817_1280-768x1157.jpg 768w, https:\/\/www.ergotherapie-silvana-weibring.de\/wordpress\/wp-content\/uploads\/2025\/08\/physiotherapy-1698817_1280.jpg 850w\" sizes=\"auto, (max-width: 680px) 100vw, 680px\" \/><\/figure>\n<\/div>\n\n\n<p><strong>Leistungsspektrum meiner Praxis<\/strong><\/p>\n\n\n\n<p><strong>\ud83d\udd39 Motorisch-funktionelle Behandlung<\/strong><\/p>\n\n\n\n<p>F\u00fcr Menschen mit Einschr\u00e4nkungen der Bewegungsf\u00e4higkeit, Kraft, Ausdauer oder Koordination.<br>Ziel ist die Verbesserung oder Wiederherstellung der motorischen Funktionen im Alltag.<br>Zum Einsatz kommen u.\u202fa. <strong>neurophysiologische Konzepte<\/strong> wie Bobath, Affolter oder Perfetti.<\/p>\n\n\n\n<hr class=\"wp-block-separator has-alpha-channel-opacity\"\/>\n\n\n\n<p><strong>\ud83d\udd39 Neuropsychologisch orientierte Behandlung \/ Hirnleistungstraining<\/strong><\/p>\n\n\n\n<p>Zur F\u00f6rderung bei <strong>kognitiven Einschr\u00e4nkungen<\/strong>, z.\u202fB. nach Schlaganfall, bei Demenz oder Aufmerksamkeitsst\u00f6rungen.<br>Beinhaltet u.\u202fa.:<\/p>\n\n\n\n<ul class=\"wp-block-list\">\n<li>Hirnleistungstraining<\/li>\n\n\n\n<li>alltagsorientiertes ADL-Training<\/li>\n\n\n\n<li>Belastungs- und Ausdauertraining<\/li>\n\n\n\n<li>ggf. computergest\u00fctzte Therapie<\/li>\n<\/ul>\n\n\n\n<hr class=\"wp-block-separator has-alpha-channel-opacity\"\/>\n\n\n\n<p><strong>\ud83d\udd39 Sensomotorisch-perzeptive Behandlung<\/strong><\/p>\n\n\n\n<p>F\u00fcr Kinder und Erwachsene mit <strong>St\u00f6rungen der Wahrnehmungsverarbeitung<\/strong>, Bewegungskoordination oder Tonusregulation.<br>Beinhaltet:<\/p>\n\n\n\n<ul class=\"wp-block-list\">\n<li>Sensorische Integrationstherapie (SI)<\/li>\n\n\n\n<li>F\u00f6rderung der Grob- und Feinmotorik<\/li>\n\n\n\n<li>Wahrnehmungsschulung<\/li>\n\n\n\n<li>Neuromotorische \u00dcbungen<\/li>\n\n\n\n<li>Basale Stimulation<\/li>\n<\/ul>\n\n\n\n<hr class=\"wp-block-separator has-alpha-channel-opacity\"\/>\n\n\n\n<p><strong>\ud83d\udd39 Psychisch-funktionelle Behandlung<\/strong><\/p>\n\n\n\n<p>Bei psychischen oder psychosozialen Belastungen, z.\u202fB. bei Depression, Angstst\u00f6rungen oder AD(H)S.<br>Ziel ist die St\u00e4rkung emotionaler Stabilit\u00e4t, Selbstwert, Motivation und Alltagsstruktur.<br>Beinhaltet u.\u202fa.:<\/p>\n\n\n\n<ul class=\"wp-block-list\">\n<li>Verhaltenstraining<\/li>\n\n\n\n<li>Aufmerksamkeitstraining<\/li>\n\n\n\n<li>F\u00f6rderung sozialer Kompetenzen<\/li>\n\n\n\n<li>Entwicklung von Lernstrategien<\/li>\n<\/ul>\n\n\n\n<hr class=\"wp-block-separator has-alpha-channel-opacity\"\/>\n\n\n\n<p><strong>Spezielle Therapieangebote in meiner Praxis<\/strong><\/p>\n\n\n\n<p><\/p>\n\n\n\n<p>\ud83d\udd39 <strong>Beratung zur Integration in Schule und Kindergarten<\/strong><br>Ich unterst\u00fctze den Transfer von Therapieeinheiten in den Alltag &#8211; besonders in Schule und Kindergarten. Durch die enge Zusammenarbeit mit Lehrkr\u00e4ften und Erzieher*innen unterst\u00fctze ich eine nachhaltige Umsetzung der F\u00f6rderziele und f\u00f6rdere die aktive Teilhabe des Kindes am schulischen und vorschulischen Alltag.<\/p>\n\n\n\n<p>\ud83d\udd39 <strong>Marburger Verhaltenstraining (MVT)<\/strong><br>Das Marburger Verhaltenstraining (MVT) ist ein Gruppentraining zur F\u00f6rderung der sozialen Kompetenzen und des Umgangs mit Emotionen bei Kindern, die Schwierigkeiten mit Impulskontrolle und Regelverhalten haben. Es nutzt dynamische Spiele, Entspannungs\u00fcbungen und Rollenspiele, um Kindern zu helfen, ihre Selbstregulation, ihren Umgang mit Konflikten und ihre Kooperationsf\u00e4higkeit zu verbessern. Ziel ist es, die Kinder in Ihrer Entwicklung zu unterst\u00fctzen, sodass sie erfolgreich im sozialen Umfeld agieren k\u00f6nnen.<\/p>\n\n\n\n<p><a href=\"https:\/\/marburger-trainings.de\/trainerinnen-in-ihrer-naehe\/\" data-type=\"link\" data-id=\"https:\/\/marburger-trainings.de\/trainerinnen-in-ihrer-naehe\/\">Trainer:innen in Ihrer N\u00e4he &#8211; Marburger Verhaltenstraining<\/a><\/p>\n\n\n\n<p>\ud83d\udd39 <strong>Spiegeltherapie<\/strong><br>Eine wirksame Methode zur Behandlung von <strong>neurologischen und orthop\u00e4dischen Erkrankungen<\/strong> (z.\u202fB. bei Schlaganfall, CRPS, Phantomschmerzen), bei der das Gehirn durch Spiegelung gezielt stimuliert wird.<\/p>\n\n\n\n<p>\ud83d\udd39 <strong>Ergotherapeutisches Elterntraining &amp; AD(H)S-Training<\/strong><br>Zur Unterst\u00fctzung der elterlichen Begleitung und zur F\u00f6rderung der Alltagsstruktur zu Hause.<\/p>\n\n\n\n<p>\ud83d\udd39 <strong>Integration &amp; Alltagshilfen<\/strong><br>Beratung zur Teilhabe in Kindergarten \/-Schule, Beruf und sozialem Umfeld sowie zur Anpassung von Alltagssituationen bei k\u00f6rperlichen oder seelischen Einschr\u00e4nkungen.<\/p>\n\n\n\n<p>\ud83d\udd39 <strong>Ergonomieberatung \/ Arbeitsplatzanpassung<\/strong><br>Pr\u00e4vention und Unterst\u00fctzung bei Beschwerden im beruflichen Alltag, z.\u202fB. nach Unf\u00e4llen oder bei chronischen Erkrankungen.<\/p>\n\n\n\n<p>\ud83d\udd39 <strong>Einzel- und Gruppentherapie<\/strong><br>Je nach Bedarf biete ich sowohl Einzelbehandlungen als auch kleine Gruppenangebote \u2013 insbesondere im Kinderbereich \u2013 an.<\/p>\n\n\n\n<p>\ud83d\udd39 <strong>Hausbesuche<\/strong><br>Wenn vom Arzt verordnet, kann die ergotherapeutische Behandlung auch bei Ihnen zu Hause oder in einer Einrichtung (z.\u202fB. Pflegeheim, Schule, Wohngruppe) stattfinden.<\/p>\n\n\n\n<p>\ud83d\udd39 <strong>Belastungserprobung<\/strong><br>Zur Einsch\u00e4tzung und Verbesserung der <strong>Grundarbeitsf\u00e4higkeiten<\/strong> und Belastbarkeit \u2013 insbesondere bei Wiedereinstieg in Alltag oder Beruf.<\/p>\n\n\n\n<p>\ud83d\udd39 <strong>Thermische Anwendungen<\/strong><br>W\u00e4rme- oder K\u00e4ltebehandlungen als unterst\u00fctzende Ma\u00dfnahme zur Verbesserung von Durchblutung, Tonusregulation und Schmerzreduktion.<\/p>\n\n\n\n<hr class=\"wp-block-separator has-alpha-channel-opacity\"\/>\n\n\n\n<p>Bei Fragen zur Verordnung, Terminvereinbarung oder konkreten Behandlungsm\u00f6glichkeiten stehe ich Ihnen gerne zur Verf\u00fcgung.<\/p>\n\n\n\n<p><\/p>\n","protected":false},"excerpt":{"rendered":"<p>Herzlich willkommen in meiner Ergotherapiepraxis in Bocholt Ich freue mich, Sie in meiner Praxis begr\u00fc\u00dfen zu d\u00fcrfen. Mein ergotherapeutisches Angebot richtet sich an Menschen jeden Alters, die durch Krankheiten, Unf\u00e4lle, Entwicklungsst\u00f6rungen oder psychische Belastungen in ihrer Selbstst\u00e4ndigkeit und Handlungsf\u00e4higkeit eingeschr\u00e4nkt sind. Als selbstst\u00e4ndige Therapeutin biete ich Ihnen eine ganzheitliche, individuelle Behandlung \u2013 abgestimmt auf Ihre &#8230; <a title=\"Leistungsspektrum\" class=\"read-more\" href=\"https:\/\/www.ergotherapie-silvana-weibring.de\/wordpress\/herzlichen-willkommen\/\" aria-label=\"Mehr Informationen \u00fcber Leistungsspektrum\">Weiterlesen<\/a><\/p>\n","protected":false},"author":1,"featured_media":0,"parent":0,"menu_order":5,"comment_status":"closed","ping_status":"closed","template":"","meta":{"footnotes":""},"class_list":["post-39","page","type-page","status-publish"],"_links":{"self":[{"href":"https:\/\/www.ergotherapie-silvana-weibring.de\/wordpress\/wp-json\/wp\/v2\/pages\/39","targetHints":{"allow":["GET"]}}],"collection":[{"href":"https:\/\/www.ergotherapie-silvana-weibring.de\/wordpress\/wp-json\/wp\/v2\/pages"}],"about":[{"href":"https:\/\/www.ergotherapie-silvana-weibring.de\/wordpress\/wp-json\/wp\/v2\/types\/page"}],"author":[{"embeddable":true,"href":"https:\/\/www.ergotherapie-silvana-weibring.de\/wordpress\/wp-json\/wp\/v2\/users\/1"}],"replies":[{"embeddable":true,"href":"https:\/\/www.ergotherapie-silvana-weibring.de\/wordpress\/wp-json\/wp\/v2\/comments?post=39"}],"version-history":[{"count":5,"href":"https:\/\/www.ergotherapie-silvana-weibring.de\/wordpress\/wp-json\/wp\/v2\/pages\/39\/revisions"}],"predecessor-version":[{"id":157,"href":"https:\/\/www.ergotherapie-silvana-weibring.de\/wordpress\/wp-json\/wp\/v2\/pages\/39\/revisions\/157"}],"wp:attachment":[{"href":"https:\/\/www.ergotherapie-silvana-weibring.de\/wordpress\/wp-json\/wp\/v2\/media?parent=39"}],"curies":[{"name":"wp","href":"https:\/\/api.w.org\/{rel}","templated":true}]}}