{"id":41,"date":"2025-08-27T21:25:50","date_gmt":"2025-08-27T19:25:50","guid":{"rendered":"https:\/\/www.ergotherapie-silvana-weibring.de\/wordpress\/?page_id=41"},"modified":"2025-08-28T17:27:30","modified_gmt":"2025-08-28T15:27:30","slug":"wichtige-hinweise","status":"publish","type":"page","link":"https:\/\/www.ergotherapie-silvana-weibring.de\/wordpress\/wichtige-hinweise\/","title":{"rendered":"Patienteninformation"},"content":{"rendered":"\n<h4 class=\"wp-block-heading\"><strong>Informationen f\u00fcr gesetzlich versicherte Klient:innen<\/strong><\/h4>\n\n\n\n<p><strong>Wichtige Hinweise zu Ihrer Verordnung und Terminplanung<\/strong><\/p>\n\n\n\n<p>\u2022 <strong>Vorlage der Verordnung: <\/strong>Bitte bringen Sie Ihre Verordnung, wenn m\u00f6glich, einige Tage vor Ihrem ersten Termin in die Praxis. So kann ich diese vorab auf Korrektheit pr\u00fcfen und gegebenenfalls R\u00fccksprache mit der ausstellenden \u00c4rztin oder dem Arzt halten, um notwendige \u00c4nderungen vorzunehmen.<\/p>\n\n\n\n<p>\u2022 <strong>G\u00fcltigkeit der Verordnung:<\/strong><\/p>\n\n\n\n<p>\u2022 <em>Die Verordnung darf zum Behandlungsbeginn nicht \u00e4lter als 28 Tage sein.<\/em><\/p>\n\n\n\n<p><em>\u2022 Unterbrechungen der Therapie d\u00fcrfen ohne ausreichende Begr\u00fcndung nicht l\u00e4nger als 14 Tage andauern.<\/em><\/p>\n\n\n\n<p>\u2022 <strong>Zuzahlungen:<\/strong>&nbsp;Gesetzlich Versicherte ab dem 18. Lebensjahr sind verpflichtet, einen Eigenanteil an die Krankenkassen abzuf\u00fchren (10,- Euro pro Verordnung plus 10 % der Behandlungskosten). Dieser Betrag wird von unserer Praxis eingezogen und ohne Abzug an die Krankenkasse weitergeleitet.<\/p>\n\n\n\n<p>In einigen F\u00e4llen k\u00f6nnen Sie sich von Ihrer Krankenkasse von den Zuzahlungen befreien lassen (Nachweis \u00fcber einen sogenannten \u201eBefreiungsausweis\u201c). Nehmen Sie dazu Kontakt zu Ihrer gesetzlichen Krankenkasse auf.<\/p>\n\n\n\n<p>Bitte informieren Sie sich bei Ihrer Krankenkasse \u00fcber die genauen Bedingungen. F\u00fcr den Einzug der Zuzahlung gilt stets die Vorlage des Befreiungsbescheides.<\/p>\n\n\n\n<p>Folgende Personengruppen sind von der Zuzahlungsregelung grunds\u00e4tzlich nicht betroffen:<br>Kinder bis zur Vollendung des 17. Lebensjahres, Privatklienten, Versicherte der freien Heilf\u00fcrsorge, Unfallverletzte (BG, Gemeindeunfallversicherung), Postbeamtenkasse A, oder Klienten mit Befreiungsausweis der Krankenkasse<\/p>\n\n\n\n<p>\u2022 <strong>Terminabsagen:<\/strong><\/p>\n\n\n\n<p><em>\u2022 Ihre individuellen Termine werden exklusiv f\u00fcr Sie reserviert. Sollten Sie einen Termin nicht wahrnehmen k\u00f6nnen, informieren Sie uns bitte mindestens <\/em><strong><em>24 Stunden vorher<\/em><\/strong><em>, damit wir die Zeit anderweitig planen k\u00f6nnen. Nicht rechtzeitig abgesagte Termine m\u00fcssen wir Ihnen leider privat in Rechnung stellen.<\/em><\/p>\n\n\n\n<p><em>\u2022 <\/em><strong><em>Akute Krankheit:<\/em><\/strong><em>&nbsp;In Krankheitsf\u00e4llen informieren Sie uns bitte <\/em><strong><em>sp\u00e4testens bis 8:00 Uhr <\/em><\/strong><strong><em>am selben Tag<\/em><\/strong><em>&nbsp;telefonisch (z. B. via Anrufbeantworter), um eine Ausfallrechnung zu vermeiden.<\/em><\/p>\n\n\n\n<p><strong>Mit diesen Regelungen m\u00f6chten wir einen reibungslosen Ablauf f\u00fcr alle Klient:innen gew\u00e4hrleisten. Vielen Dank f\u00fcr Ihr Verst\u00e4ndnis!<\/strong><\/p>\n\n\n\n<h4 class=\"wp-block-heading\"><strong>Informationen f\u00fcr privatversicherte Klient:innen<\/strong><\/h4>\n\n\n\n<p><strong>Honorarvereinbarung und wichtige Hinweise<\/strong><\/p>\n\n\n\n<p>\u2022&nbsp;<strong>Honorarvereinbarung und Abrechnung:<\/strong><\/p>\n\n\n\n<p>Zu Beginn der Behandlung erhalten Sie eine&nbsp;<strong>Honorarvereinbarung<\/strong>. Meine Preise orientieren sich an der&nbsp;<strong>Geb\u00fchrenverordnung f\u00fcr Therapeuten<\/strong>&nbsp;(Geb\u00fcTh) und werden mit dem&nbsp;<strong>1,1-fachen Satz<\/strong>&nbsp;(vdek) berechnet (Stand: 01.08.2025). Die Abrechnung erfolgt nach Abschluss der Verordnung, und Sie erhalten eine entsprechende Rechnung.<\/p>\n\n\n\n<p>Mit Ihrer Unterschrift auf der Honorarvereinbarung akzeptieren Sie die vereinbarten Preise und verpflichten sich zur Begleichung der Rechnung.<\/p>\n\n\n\n<p>\u2022&nbsp;<strong>Erstattung durch private Krankenkassen:<\/strong><\/p>\n\n\n\n<p>Sie k\u00f6nnen die Rechnung bei Ihrer privaten Krankenversicherung einreichen. Bitte beachten Sie, dass die H\u00f6he der Erstattung je nach Versicherungsvertrag stark variieren kann. Kl\u00e4ren Sie deshalb vorab, ob Ihre Krankenkasse die Kosten vollst\u00e4ndig \u00fcbernimmt. Etwaige Differenzbetr\u00e4ge, die von der Versicherung nicht erstattet werden, sind von Ihnen selbst zu tragen.<\/p>\n\n\n\n<p>\u2022&nbsp;<strong>Absage von Terminen:<\/strong><\/p>\n\n\n\n<p>\u2022&nbsp;<em>Ihre Termine werden individuell f\u00fcr Sie reserviert. Sollte es Ihnen nicht m\u00f6glich sein, einen Termin wahrzunehmen, informieren Sie uns bitte&nbsp;<\/em><strong><em>sp\u00e4testens 24 Stunden im Voraus<\/em><\/strong><em>, damit die Zeit anderweitig genutzt werden kann.<\/em><\/p>\n\n\n\n<p><em>\u2022 Nicht rechtzeitig abgesagte Termine werden Ihnen gem\u00e4\u00df der Honorarvereinbarung als Ausfall in Rechnung gestellt. Diese Kosten k\u00f6nnen nicht bei der Krankenkasse eingereicht werden.<\/em><\/p>\n\n\n\n<p>\u2022&nbsp;<strong>Akute Krankheit:<\/strong><\/p>\n\n\n\n<p>In Krankheitsf\u00e4llen muss die Absage bis&nbsp;<strong>sp\u00e4testens 8:00 Uhr am selben Tag<\/strong>telefonisch (z. B. \u00fcber den Anrufbeantworter) erfolgen, um eine Ausfallrechnung zu vermeiden.<\/p>\n\n\n\n<p>\u2022&nbsp;<strong>Ausfallrechnung:<\/strong><\/p>\n\n\n\n<p>Die Ausfallrechnung entspricht dem Honorar, das laut Vereinbarung f\u00fcr die entsprechende Therapieeinheit angesetzt wurde. Diese Geb\u00fchr wird separat in Rechnung gestellt und ist nicht erstattungsf\u00e4hig.<\/p>\n\n\n\n<p><strong>Mit dieser Vorgehensweise wird ein effizienter Ablauf gew\u00e4hrleistet, und Ihre individuellen Bed\u00fcrfnisse bleiben im Fokus. Vielen Dank f\u00fcr Ihr Verst\u00e4ndnis!<\/strong><\/p>\n\n\n\n<h4 class=\"wp-block-heading\"><strong>Informationen f\u00fcr Klient:innen BG<\/strong><\/h4>\n\n\n\n<p><strong>Wichtige Hinweise zu Ihrer Verordnung und Terminplanung<\/strong><\/p>\n\n\n\n<p><strong>\u2022<\/strong>&nbsp;<strong>Vorlage der Verordnung<\/strong>: Bitte bringen Sie lhre Verordnung, wenn m\u00f6glich, einige Tage vor lhrem ersten Termin in die Praxis. So kann ich diese vorab auf Korrektheit pr\u00fcfen und gegebenenfalls R\u00fccksprache mit der ausstellenden \u00c4rztin oder dem Arzt halten, um notwendige \u00c4nderungen vorzunehmen<\/p>\n\n\n\n<p><strong>\u2022 G\u00fcltigkeit der Verordnung:<\/strong>&nbsp;Die Verordnung darf zum Behandlungsbeginn nicht \u00e4lter als 14 Tage sein. Diese Frist bezieht sich entweder auf das Ausstellungsdatum oder das eigetragene Datum in Punkt 8 der BG-Verordnung Bei einem dringenden Behandlungsbedarf muss die Therapie sp\u00e4testes 7 Tage nach diesem Datum beginnen.<\/p>\n\n\n\n<p><strong>\u2022 Unterbrechungen:<\/strong>&nbsp;D\u00fcrfen ohne ausreichende Begr\u00fcndung nicht l\u00e4nger als 14 Tage andauern<\/p>\n\n\n\n<p><strong>\u2022 Zuzahlungen: <\/strong>Behandlungen nach einem Arbeitsunfall, die auf Verordnung der zust\u00e4ndigen Berufsgenossenschaft laufen, sind zuzahlungsfrei.<\/p>\n\n\n\n<p><strong>\u2022 Terminabsagen:<\/strong>&nbsp;Ihre individuellen Termine werden exklusiv f\u00fcr Sie reserviert. Sollten Sie einen Termin nicht wahrnehmen k\u00f6nnen, informieren Sie uns bitte mindestens 24 Stunden vorher, damit wir die Zeit anderweitig planen k\u00f6nnen. Nicht rechtzeitig abgesagte Termine, die nicht anderweitig vergeben werden k\u00f6nnen, m\u00fcssen wir Ihnen leider privat in Rechnung stellen.<\/p>\n\n\n\n<p><strong>\u2022 Akute Krankheit<\/strong>: In Krankheitsfallen informieren Sie uns bitte sp\u00e4testens bis 8:00 Uhr am selben Tag telefonisch (z. B. via Anrufbeantworter), um eine Ausfallrechnung zu vermeiden.<br>Mit diesen Regelungen m\u00f6chten wir einen reibungslosen Ablauf f\u00fcr alle Klient:innen gew\u00e4hrleisten.<\/p>\n\n\n\n<p>Vielen Dank f\u00fcr Ihr Verst\u00e4ndnis!<\/p>\n","protected":false},"excerpt":{"rendered":"<p>Informationen f\u00fcr gesetzlich versicherte Klient:innen Wichtige Hinweise zu Ihrer Verordnung und Terminplanung \u2022 Vorlage der Verordnung: Bitte bringen Sie Ihre Verordnung, wenn m\u00f6glich, einige Tage vor Ihrem ersten Termin in die Praxis. So kann ich diese vorab auf Korrektheit pr\u00fcfen und gegebenenfalls R\u00fccksprache mit der ausstellenden \u00c4rztin oder dem Arzt halten, um notwendige \u00c4nderungen vorzunehmen. &#8230; <a title=\"Patienteninformation\" class=\"read-more\" href=\"https:\/\/www.ergotherapie-silvana-weibring.de\/wordpress\/wichtige-hinweise\/\" aria-label=\"Mehr Informationen \u00fcber Patienteninformation\">Weiterlesen<\/a><\/p>\n","protected":false},"author":1,"featured_media":0,"parent":0,"menu_order":2,"comment_status":"closed","ping_status":"closed","template":"","meta":{"footnotes":""},"class_list":["post-41","page","type-page","status-publish"],"_links":{"self":[{"href":"https:\/\/www.ergotherapie-silvana-weibring.de\/wordpress\/wp-json\/wp\/v2\/pages\/41","targetHints":{"allow":["GET"]}}],"collection":[{"href":"https:\/\/www.ergotherapie-silvana-weibring.de\/wordpress\/wp-json\/wp\/v2\/pages"}],"about":[{"href":"https:\/\/www.ergotherapie-silvana-weibring.de\/wordpress\/wp-json\/wp\/v2\/types\/page"}],"author":[{"embeddable":true,"href":"https:\/\/www.ergotherapie-silvana-weibring.de\/wordpress\/wp-json\/wp\/v2\/users\/1"}],"replies":[{"embeddable":true,"href":"https:\/\/www.ergotherapie-silvana-weibring.de\/wordpress\/wp-json\/wp\/v2\/comments?post=41"}],"version-history":[{"count":7,"href":"https:\/\/www.ergotherapie-silvana-weibring.de\/wordpress\/wp-json\/wp\/v2\/pages\/41\/revisions"}],"predecessor-version":[{"id":115,"href":"https:\/\/www.ergotherapie-silvana-weibring.de\/wordpress\/wp-json\/wp\/v2\/pages\/41\/revisions\/115"}],"wp:attachment":[{"href":"https:\/\/www.ergotherapie-silvana-weibring.de\/wordpress\/wp-json\/wp\/v2\/media?parent=41"}],"curies":[{"name":"wp","href":"https:\/\/api.w.org\/{rel}","templated":true}]}}